{"id":1293,"date":"2022-02-21T12:22:09","date_gmt":"2022-02-21T11:22:09","guid":{"rendered":"http:\/\/tim-klotz.de\/klotzart\/?post_type=product&#038;p=1293"},"modified":"2022-02-21T12:22:09","modified_gmt":"2022-02-21T11:22:09","slug":"gabriele-muenter-gruesst-die-eifel","status":"publish","type":"product","link":"http:\/\/tim-klotz.de\/klotzart\/produkt\/gabriele-muenter-gruesst-die-eifel\/","title":{"rendered":"Gabriele M\u00fcnter gr\u00fc\u00dft die Eifel"},"content":{"rendered":"<p><u>Gabriele M\u00fcnter gr\u00fc\u00dft die Eifel<\/u><\/p>\n<p>2019, Acryl auf Malkarton, 30 X 40 cm<\/p>\n<p>von Martin Klotz<\/p>\n","protected":false},"excerpt":{"rendered":"<p>Gabriele M\u00fcnter gr\u00fc\u00dft die Eifel 2019, Acryl auf Malkarton, 30 X 40 cm von Martin Klotz<\/p>\n","protected":false},"featured_media":1297,"comment_status":"open","ping_status":"closed","template":"","meta":{"ngg_post_thumbnail":0,"pgc_sgb_lightbox_settings":""},"product_cat":[97],"product_tag":[120,119,107,118],"class_list":["post-1293","product","type-product","status-publish","has-post-thumbnail","hentry","product_cat-97","product_tag-acryl","product_tag-bilder","product_tag-home","product_tag-unikat"],"_links":{"self":[{"href":"http:\/\/tim-klotz.de\/klotzart\/wp-json\/wp\/v2\/product\/1293","targetHints":{"allow":["GET"]}}],"collection":[{"href":"http:\/\/tim-klotz.de\/klotzart\/wp-json\/wp\/v2\/product"}],"about":[{"href":"http:\/\/tim-klotz.de\/klotzart\/wp-json\/wp\/v2\/types\/product"}],"replies":[{"embeddable":true,"href":"http:\/\/tim-klotz.de\/klotzart\/wp-json\/wp\/v2\/comments?post=1293"}],"wp:featuredmedia":[{"embeddable":true,"href":"http:\/\/tim-klotz.de\/klotzart\/wp-json\/wp\/v2\/media\/1297"}],"wp:attachment":[{"href":"http:\/\/tim-klotz.de\/klotzart\/wp-json\/wp\/v2\/media?parent=1293"}],"wp:term":[{"taxonomy":"product_cat","embeddable":true,"href":"http:\/\/tim-klotz.de\/klotzart\/wp-json\/wp\/v2\/product_cat?post=1293"},{"taxonomy":"product_tag","embeddable":true,"href":"http:\/\/tim-klotz.de\/klotzart\/wp-json\/wp\/v2\/product_tag?post=1293"}],"curies":[{"name":"wp","href":"https:\/\/api.w.org\/{rel}","templated":true}]}}