{"id":1091,"date":"2021-12-01T17:22:18","date_gmt":"2021-12-01T16:22:18","guid":{"rendered":"http:\/\/tim-klotz.de\/klotzart\/?post_type=product&#038;p=1091"},"modified":"2021-12-01T17:22:19","modified_gmt":"2021-12-01T16:22:19","slug":"gefaess-raku","status":"publish","type":"product","link":"http:\/\/tim-klotz.de\/klotzart\/produkt\/gefaess-raku\/","title":{"rendered":"Gef\u00e4\u00df Raku"},"content":{"rendered":"<p>Gef\u00e4\u00df Raku<\/p>\n<p>Raku Keramik<br \/>\nUnikat<\/p>\n<p>&nbsp;<\/p>\n","protected":false},"excerpt":{"rendered":"<p>Gef\u00e4\u00df Raku Raku Keramik Unikat &nbsp;<\/p>\n","protected":false},"featured_media":1092,"comment_status":"open","ping_status":"closed","template":"","meta":{"ngg_post_thumbnail":0,"pgc_sgb_lightbox_settings":""},"product_cat":[105],"product_tag":[107],"class_list":["post-1091","product","type-product","status-publish","has-post-thumbnail","hentry","product_cat-raku","product_tag-home"],"_links":{"self":[{"href":"http:\/\/tim-klotz.de\/klotzart\/wp-json\/wp\/v2\/product\/1091","targetHints":{"allow":["GET"]}}],"collection":[{"href":"http:\/\/tim-klotz.de\/klotzart\/wp-json\/wp\/v2\/product"}],"about":[{"href":"http:\/\/tim-klotz.de\/klotzart\/wp-json\/wp\/v2\/types\/product"}],"replies":[{"embeddable":true,"href":"http:\/\/tim-klotz.de\/klotzart\/wp-json\/wp\/v2\/comments?post=1091"}],"wp:featuredmedia":[{"embeddable":true,"href":"http:\/\/tim-klotz.de\/klotzart\/wp-json\/wp\/v2\/media\/1092"}],"wp:attachment":[{"href":"http:\/\/tim-klotz.de\/klotzart\/wp-json\/wp\/v2\/media?parent=1091"}],"wp:term":[{"taxonomy":"product_cat","embeddable":true,"href":"http:\/\/tim-klotz.de\/klotzart\/wp-json\/wp\/v2\/product_cat?post=1091"},{"taxonomy":"product_tag","embeddable":true,"href":"http:\/\/tim-klotz.de\/klotzart\/wp-json\/wp\/v2\/product_tag?post=1091"}],"curies":[{"name":"wp","href":"https:\/\/api.w.org\/{rel}","templated":true}]}}