{"id":915,"date":"2021-11-07T12:46:40","date_gmt":"2021-11-07T11:46:40","guid":{"rendered":"http:\/\/tim-klotz.de\/klotzart\/?page_id=915"},"modified":"2021-11-18T20:16:32","modified_gmt":"2021-11-18T19:16:32","slug":"impressum","status":"publish","type":"page","link":"http:\/\/tim-klotz.de\/klotzart\/impressum\/","title":{"rendered":"Impressum"},"content":{"rendered":"\n<p><\/p>\n\n\n\n<p><strong>Verantwortlich f\u00fcr die Seite<\/strong><\/p>\n\n\n\n<p><strong>Inhaltlich Verantwortliche<\/strong><\/p>\n\n\n\n<p>gem\u00e4\u00df des \u00a710 Absatz 3 MDStV:<\/p>\n\n\n\n<p>Michaela Klotz<\/p>\n\n\n\n<p>Bergstr.10<\/p>\n\n\n\n<p>53533 Antweiler<\/p>\n\n\n\n<p><strong>Haftungshinweis<\/strong><\/p>\n\n\n\n<p>Trotz sorgf\u00e4ltiger inhaltlicher Kontrolle \u00fcbernehmen wir keine Haftung f\u00fcr die Inhalte externer Links.<\/p>\n\n\n\n<p>F\u00fcr den Inhalt der verlinkten Seiten sind ausschlie\u00dflich deren Betreiber verantwortlich.<\/p>\n\n\n\n<p>Design, Grafik und Realisation<\/p>\n\n\n\n<p>Martin Klotz<\/p>\n\n\n\n<p>martinklotz@gmx.net<\/p>\n\n\n\n\n\n<p><\/p>\n","protected":false},"excerpt":{"rendered":"<p>Verantwortlich f\u00fcr die Seite Inhaltlich Verantwortliche gem\u00e4\u00df des \u00a710 Absatz 3 MDStV: Michaela Klotz Bergstr.10 53533 Antweiler Haftungshinweis Trotz sorgf\u00e4ltiger inhaltlicher Kontrolle \u00fcbernehmen wir keine Haftung f\u00fcr die Inhalte externer Links. F\u00fcr den Inhalt der verlinkten Seiten sind ausschlie\u00dflich deren Betreiber verantwortlich. Design, Grafik und Realisation Martin Klotz martinklotz@gmx.net<\/p>\n","protected":false},"author":1,"featured_media":0,"parent":0,"menu_order":0,"comment_status":"closed","ping_status":"closed","template":"","meta":{"ngg_post_thumbnail":0,"pgc_sgb_lightbox_settings":"","footnotes":""},"class_list":["post-915","page","type-page","status-publish","hentry"],"_links":{"self":[{"href":"http:\/\/tim-klotz.de\/klotzart\/wp-json\/wp\/v2\/pages\/915","targetHints":{"allow":["GET"]}}],"collection":[{"href":"http:\/\/tim-klotz.de\/klotzart\/wp-json\/wp\/v2\/pages"}],"about":[{"href":"http:\/\/tim-klotz.de\/klotzart\/wp-json\/wp\/v2\/types\/page"}],"author":[{"embeddable":true,"href":"http:\/\/tim-klotz.de\/klotzart\/wp-json\/wp\/v2\/users\/1"}],"replies":[{"embeddable":true,"href":"http:\/\/tim-klotz.de\/klotzart\/wp-json\/wp\/v2\/comments?post=915"}],"version-history":[{"count":2,"href":"http:\/\/tim-klotz.de\/klotzart\/wp-json\/wp\/v2\/pages\/915\/revisions"}],"predecessor-version":[{"id":920,"href":"http:\/\/tim-klotz.de\/klotzart\/wp-json\/wp\/v2\/pages\/915\/revisions\/920"}],"wp:attachment":[{"href":"http:\/\/tim-klotz.de\/klotzart\/wp-json\/wp\/v2\/media?parent=915"}],"curies":[{"name":"wp","href":"https:\/\/api.w.org\/{rel}","templated":true}]}}