{"id":297,"date":"2021-11-02T16:03:51","date_gmt":"2021-11-02T15:03:51","guid":{"rendered":"http:\/\/tim-klotz.de\/klotzart\/?page_id=297"},"modified":"2021-11-02T17:05:35","modified_gmt":"2021-11-02T16:05:35","slug":"buchverlag","status":"publish","type":"page","link":"http:\/\/tim-klotz.de\/klotzart\/buchverlag\/","title":{"rendered":"Buchverlag"},"content":{"rendered":"\n<div class=\"wp-block-buttons is-content-justification-right is-layout-flex wp-block-buttons-is-layout-flex\">\n<div class=\"wp-block-button\"><a class=\"wp-block-button__link\" href=\"http:\/\/tim-klotz.de\/klotzart\/unser-angebot\/\">Unser Angebot<\/a><\/div>\n<\/div>\n\n\n\n<p><strong>Sehnsuchtsreise mit Caravan<\/strong><\/p>\n\n\n\n<p>Satirisches Erstlingswerk von Martin Klotz<\/p>\n\n\n\n<figure class=\"wp-block-image size-full\"><img loading=\"lazy\" decoding=\"async\" width=\"480\" height=\"640\" src=\"http:\/\/tim-klotz.de\/klotzart\/wp-content\/uploads\/2021\/11\/Leipzig204.jpg\" alt=\"\" class=\"wp-image-302\" srcset=\"http:\/\/tim-klotz.de\/klotzart\/wp-content\/uploads\/2021\/11\/Leipzig204.jpg 480w, http:\/\/tim-klotz.de\/klotzart\/wp-content\/uploads\/2021\/11\/Leipzig204-350x467.jpg 350w, http:\/\/tim-klotz.de\/klotzart\/wp-content\/uploads\/2021\/11\/Leipzig204-225x300.jpg 225w\" sizes=\"auto, (max-width: 480px) 100vw, 480px\" \/><\/figure>\n\n\n\n<p>\u00fcber die Winterflucht der Rentner als moderne Nomaden mit Caravan<\/p>\n\n\n\n<p>Auf den Spuren von Pizza &amp; Paella, Rotwein &amp; Baguette<\/p>\n\n\n\n<figure class=\"wp-block-image size-full is-resized\"><img loading=\"lazy\" decoding=\"async\" src=\"http:\/\/tim-klotz.de\/klotzart\/wp-content\/uploads\/2021\/11\/Titelk.jpg\" alt=\"\" class=\"wp-image-300\" width=\"389\" height=\"555\" srcset=\"http:\/\/tim-klotz.de\/klotzart\/wp-content\/uploads\/2021\/11\/Titelk.jpg 336w, http:\/\/tim-klotz.de\/klotzart\/wp-content\/uploads\/2021\/11\/Titelk-210x300.jpg 210w\" sizes=\"auto, (max-width: 389px) 100vw, 389px\" \/><\/figure>\n\n\n\n<p>Ferienroman<\/p>\n\n\n\n<p>Bei Kaufinteresse \u00fcber Onlinshop auf diese Hompage erh\u00e4ltlich.]Bitte hier klicken [seite|Online-Shop:Online-Shop]<\/p>\n\n\n\n<p><strong>Leseprobe<\/strong><\/p>\n\n\n\n<p>Zum Vergr\u00f6\u00dfern und Lesen auf die unterstrichenen \u00dcberschriften klicken<\/p>\n\n\n\n<div class=\"wp-block-image\"><figure class=\"alignright size-large is-resized\"><img loading=\"lazy\" decoding=\"async\" src=\"http:\/\/tim-klotz.de\/klotzart\/wp-content\/uploads\/2021\/11\/Leseprobe-2_Seite_1-724x1024.jpg\" alt=\"\" class=\"wp-image-363\" width=\"785\" height=\"1110\" srcset=\"http:\/\/tim-klotz.de\/klotzart\/wp-content\/uploads\/2021\/11\/Leseprobe-2_Seite_1-724x1024.jpg 724w, http:\/\/tim-klotz.de\/klotzart\/wp-content\/uploads\/2021\/11\/Leseprobe-2_Seite_1-350x495.jpg 350w, http:\/\/tim-klotz.de\/klotzart\/wp-content\/uploads\/2021\/11\/Leseprobe-2_Seite_1-212x300.jpg 212w, http:\/\/tim-klotz.de\/klotzart\/wp-content\/uploads\/2021\/11\/Leseprobe-2_Seite_1-768x1086.jpg 768w, http:\/\/tim-klotz.de\/klotzart\/wp-content\/uploads\/2021\/11\/Leseprobe-2_Seite_1-1086x1536.jpg 1086w, http:\/\/tim-klotz.de\/klotzart\/wp-content\/uploads\/2021\/11\/Leseprobe-2_Seite_1-1448x2048.jpg 1448w, http:\/\/tim-klotz.de\/klotzart\/wp-content\/uploads\/2021\/11\/Leseprobe-2_Seite_1.jpg 1654w\" sizes=\"auto, (max-width: 767px) 89vw, (max-width: 1000px) 54vw, (max-width: 1071px) 543px, 580px\" \/><figcaption>S1<\/figcaption><\/figure><\/div>\n\n\n\n<p><\/p>\n\n\n\n<div class=\"wp-block-image\"><figure class=\"alignleft size-large is-resized\"><img loading=\"lazy\" decoding=\"async\" src=\"http:\/\/tim-klotz.de\/klotzart\/wp-content\/uploads\/2021\/11\/Leseprobe-2_Seite_2-724x1024.jpg\" alt=\"\" class=\"wp-image-364\" width=\"738\" height=\"1043\" srcset=\"http:\/\/tim-klotz.de\/klotzart\/wp-content\/uploads\/2021\/11\/Leseprobe-2_Seite_2-724x1024.jpg 724w, http:\/\/tim-klotz.de\/klotzart\/wp-content\/uploads\/2021\/11\/Leseprobe-2_Seite_2-350x495.jpg 350w, http:\/\/tim-klotz.de\/klotzart\/wp-content\/uploads\/2021\/11\/Leseprobe-2_Seite_2-212x300.jpg 212w, http:\/\/tim-klotz.de\/klotzart\/wp-content\/uploads\/2021\/11\/Leseprobe-2_Seite_2-768x1086.jpg 768w, http:\/\/tim-klotz.de\/klotzart\/wp-content\/uploads\/2021\/11\/Leseprobe-2_Seite_2-1086x1536.jpg 1086w, http:\/\/tim-klotz.de\/klotzart\/wp-content\/uploads\/2021\/11\/Leseprobe-2_Seite_2-1448x2048.jpg 1448w, http:\/\/tim-klotz.de\/klotzart\/wp-content\/uploads\/2021\/11\/Leseprobe-2_Seite_2.jpg 1654w\" sizes=\"auto, (max-width: 738px) 100vw, 738px\" \/><figcaption>S2<\/figcaption><\/figure><\/div>\n\n\n\n<p><strong>Agave in der Algarve<\/strong><\/p>\n\n\n\n<p><\/p>\n\n\n\n<p>Folgewerk der Sehnsuchtsreise<\/p>\n\n\n\n<figure class=\"wp-block-image size-full is-resized\"><img loading=\"lazy\" decoding=\"async\" src=\"http:\/\/tim-klotz.de\/klotzart\/wp-content\/uploads\/2021\/11\/Titelseite1.jpg\" alt=\"\" class=\"wp-image-370\" width=\"571\" height=\"849\" srcset=\"http:\/\/tim-klotz.de\/klotzart\/wp-content\/uploads\/2021\/11\/Titelseite1.jpg 323w, http:\/\/tim-klotz.de\/klotzart\/wp-content\/uploads\/2021\/11\/Titelseite1-202x300.jpg 202w\" sizes=\"auto, (max-width: 571px) 100vw, 571px\" \/><\/figure>\n\n\n\n<figure class=\"wp-block-image size-full\"><img loading=\"lazy\" decoding=\"async\" width=\"338\" height=\"480\" src=\"http:\/\/tim-klotz.de\/klotzart\/wp-content\/uploads\/2021\/11\/Wochenspiegel2018.jpg\" alt=\"\" class=\"wp-image-374\" srcset=\"http:\/\/tim-klotz.de\/klotzart\/wp-content\/uploads\/2021\/11\/Wochenspiegel2018.jpg 338w, http:\/\/tim-klotz.de\/klotzart\/wp-content\/uploads\/2021\/11\/Wochenspiegel2018-211x300.jpg 211w\" sizes=\"auto, (max-width: 338px) 100vw, 338px\" \/><\/figure>\n\n\n\n<figure class=\"wp-block-image size-full is-resized\"><img loading=\"lazy\" decoding=\"async\" src=\"http:\/\/tim-klotz.de\/klotzart\/wp-content\/uploads\/2021\/11\/StadtbC3BCcherei20Adenau.jpg\" alt=\"\" class=\"wp-image-310\" width=\"664\" height=\"564\" srcset=\"http:\/\/tim-klotz.de\/klotzart\/wp-content\/uploads\/2021\/11\/StadtbC3BCcherei20Adenau.jpg 565w, http:\/\/tim-klotz.de\/klotzart\/wp-content\/uploads\/2021\/11\/StadtbC3BCcherei20Adenau-350x297.jpg 350w, http:\/\/tim-klotz.de\/klotzart\/wp-content\/uploads\/2021\/11\/StadtbC3BCcherei20Adenau-300x255.jpg 300w\" sizes=\"auto, (max-width: 664px) 100vw, 664px\" \/><\/figure>\n\n\n\n<p>Presseberichte<\/p>\n\n\n\n<p><\/p>\n\n\n\n<p><\/p>\n\n\n\n<p><strong>Leseprobe<\/strong><\/p>\n\n\n\n<figure class=\"wp-block-image size-full is-resized\"><img loading=\"lazy\" decoding=\"async\" src=\"http:\/\/tim-klotz.de\/klotzart\/wp-content\/uploads\/2021\/11\/Vorspiel.jpg\" alt=\"\" class=\"wp-image-375\" width=\"578\" height=\"837\" srcset=\"http:\/\/tim-klotz.de\/klotzart\/wp-content\/uploads\/2021\/11\/Vorspiel.jpg 442w, http:\/\/tim-klotz.de\/klotzart\/wp-content\/uploads\/2021\/11\/Vorspiel-350x507.jpg 350w, http:\/\/tim-klotz.de\/klotzart\/wp-content\/uploads\/2021\/11\/Vorspiel-207x300.jpg 207w\" sizes=\"auto, (max-width: 578px) 100vw, 578px\" \/><\/figure>\n\n\n\n<p><\/p>\n","protected":false},"excerpt":{"rendered":"<p>Sehnsuchtsreise mit Caravan Satirisches Erstlingswerk von Martin Klotz \u00fcber die Winterflucht der Rentner als moderne Nomaden mit Caravan Auf den Spuren von Pizza &amp; Paella, Rotwein &amp; Baguette Ferienroman Bei Kaufinteresse \u00fcber Onlinshop auf diese Hompage erh\u00e4ltlich.]Bitte hier klicken [seite|Online-Shop:Online-Shop] Leseprobe Zum Vergr\u00f6\u00dfern und Lesen auf die unterstrichenen \u00dcberschriften klicken Agave in der Algarve Folgewerk &hellip; <\/p>\n<p class=\"link-more\"><a href=\"http:\/\/tim-klotz.de\/klotzart\/buchverlag\/\" class=\"more-link\"><span class=\"screen-reader-text\">\u201eBuchverlag\u201c<\/span> weiterlesen<\/a><\/p>\n","protected":false},"author":1,"featured_media":0,"parent":0,"menu_order":0,"comment_status":"closed","ping_status":"closed","template":"","meta":{"ngg_post_thumbnail":0,"pgc_sgb_lightbox_settings":"","footnotes":""},"class_list":["post-297","page","type-page","status-publish","hentry"],"_links":{"self":[{"href":"http:\/\/tim-klotz.de\/klotzart\/wp-json\/wp\/v2\/pages\/297","targetHints":{"allow":["GET"]}}],"collection":[{"href":"http:\/\/tim-klotz.de\/klotzart\/wp-json\/wp\/v2\/pages"}],"about":[{"href":"http:\/\/tim-klotz.de\/klotzart\/wp-json\/wp\/v2\/types\/page"}],"author":[{"embeddable":true,"href":"http:\/\/tim-klotz.de\/klotzart\/wp-json\/wp\/v2\/users\/1"}],"replies":[{"embeddable":true,"href":"http:\/\/tim-klotz.de\/klotzart\/wp-json\/wp\/v2\/comments?post=297"}],"version-history":[{"count":3,"href":"http:\/\/tim-klotz.de\/klotzart\/wp-json\/wp\/v2\/pages\/297\/revisions"}],"predecessor-version":[{"id":440,"href":"http:\/\/tim-klotz.de\/klotzart\/wp-json\/wp\/v2\/pages\/297\/revisions\/440"}],"wp:attachment":[{"href":"http:\/\/tim-klotz.de\/klotzart\/wp-json\/wp\/v2\/media?parent=297"}],"curies":[{"name":"wp","href":"https:\/\/api.w.org\/{rel}","templated":true}]}}