{"id":110,"date":"2021-11-02T14:55:02","date_gmt":"2021-11-02T13:55:02","guid":{"rendered":"http:\/\/tim-klotz.de\/klotzart\/?page_id=110"},"modified":"2021-11-03T16:41:32","modified_gmt":"2021-11-03T15:41:32","slug":"keramik","status":"publish","type":"page","link":"http:\/\/tim-klotz.de\/klotzart\/keramik\/","title":{"rendered":"Keramik"},"content":{"rendered":"\n<div class=\"wp-block-buttons is-content-justification-right is-layout-flex wp-block-buttons-is-layout-flex\">\n<div class=\"wp-block-button\"><a class=\"wp-block-button__link\" href=\"http:\/\/tim-klotz.de\/klotzart\/unser-angebot\/\">Unser Angebot<\/a><\/div>\n<\/div>\n\n\n\n<p>Auf den folgenden Seiten zeige ich Euch ein Panoptikum meiner Keramikwerke<\/p>\n\n\n\n<p class=\"has-text-align-left\">seien sie nun herk\u00f6mmlich&nbsp; im Elektro-Ofen bei 1230 Grad C<\/p>\n\n\n\n<p class=\"has-text-align-left\">&nbsp;oder in Raku-Technik bei 1050 Grad C im Gasofen<\/p>\n\n\n\n<p class=\"has-text-align-left\">oder dem Spiel des Feuers im Kapselbrand ausgesetzt<\/p>\n\n\n\n<p>Bei meinen Keramiken handelt es sich um Unikate, da alle individuell aufgebaut werden.<\/p>\n\n\n\n<p>Solltet Ihr an einzelnen Objekten Gefallen haben, diese aber nicht mehr in meinem Besitz sind, versuche ich, Eure W\u00fcnsche und Vorstellungen umzusetzen! <\/p>\n\n\n\n<p>Eine Auswahl findet ihr in den verschiedenen Rubriken rechts im Inhaltsverzeichnis&nbsp;&nbsp;&nbsp;&nbsp;&nbsp;<\/p>\n\n\n\n<figure class=\"wp-block-gallery columns-1 is-cropped wp-block-gallery-1 is-layout-flex wp-block-gallery-is-layout-flex\"><ul class=\"blocks-gallery-grid\"><li class=\"blocks-gallery-item\"><figure><img loading=\"lazy\" decoding=\"async\" width=\"485\" height=\"640\" src=\"http:\/\/tim-klotz.de\/klotzart\/wp-content\/uploads\/2021\/11\/Titel20220kl.jpg\" alt=\"\" data-id=\"111\" data-full-url=\"http:\/\/tim-klotz.de\/klotzart\/wp-content\/uploads\/2021\/11\/Titel20220kl.jpg\" data-link=\"http:\/\/tim-klotz.de\/klotzart\/?attachment_id=111\" class=\"wp-image-111\" srcset=\"http:\/\/tim-klotz.de\/klotzart\/wp-content\/uploads\/2021\/11\/Titel20220kl.jpg 485w, http:\/\/tim-klotz.de\/klotzart\/wp-content\/uploads\/2021\/11\/Titel20220kl-350x462.jpg 350w, http:\/\/tim-klotz.de\/klotzart\/wp-content\/uploads\/2021\/11\/Titel20220kl-227x300.jpg 227w\" sizes=\"auto, (max-width: 485px) 100vw, 485px\" \/><\/figure><\/li><\/ul><\/figure>\n\n\n\n<p><strong>Katalog<\/strong><br><\/p>\n\n\n\n<p>Alle Keramiken sind frostfest f\u00fcr drau\u00dfen und drinnen geeignet. Viele k\u00f6nnen auf Eisenst\u00e4be als Stelen dienen und f\u00fchlen sich wohl als Dekoration in Beeten und Str\u00e4uchern. Andere Skulpturen wirken als Einzelobjekt.<\/p>\n\n\n\n<figure class=\"wp-block-image size-large\"><img loading=\"lazy\" decoding=\"async\" width=\"1024\" height=\"768\" src=\"http:\/\/tim-klotz.de\/klotzart\/wp-content\/uploads\/2021\/11\/PICT6036-1-1024x768.jpg\" alt=\"\" class=\"wp-image-661\" srcset=\"http:\/\/tim-klotz.de\/klotzart\/wp-content\/uploads\/2021\/11\/PICT6036-1-1024x768.jpg 1024w, http:\/\/tim-klotz.de\/klotzart\/wp-content\/uploads\/2021\/11\/PICT6036-1-350x263.jpg 350w, http:\/\/tim-klotz.de\/klotzart\/wp-content\/uploads\/2021\/11\/PICT6036-1-300x225.jpg 300w, http:\/\/tim-klotz.de\/klotzart\/wp-content\/uploads\/2021\/11\/PICT6036-1-768x576.jpg 768w, http:\/\/tim-klotz.de\/klotzart\/wp-content\/uploads\/2021\/11\/PICT6036-1-1536x1152.jpg 1536w, http:\/\/tim-klotz.de\/klotzart\/wp-content\/uploads\/2021\/11\/PICT6036-1-2048x1536.jpg 2048w\" sizes=\"auto, (max-width: 767px) 89vw, (max-width: 1000px) 54vw, (max-width: 1071px) 543px, 580px\" \/><\/figure>\n\n\n\n<p><strong>Raku <\/strong><\/p>\n\n\n<div class=\"pgc-sgb-cb wp-block-pgcsimplygalleryblock-grid\" data-gallery-id=\"3a412857\">\n\t\t<script type=\"application\/json\" class=\"sgb-data\">{\"copyRProtection\":false,\"copyRAlert\":\"Hello, this photo is mine!\",\"sliderScrollNavi\":false,\"sliderNextPrevAnimation\":\"animation\",\"galleryScrollPositionControll\":false,\"sliderVideoAutoPlay\":false,\"sliderVideoLoop\":false,\"sliderItemCounterEnable\":true,\"sliderCaptionSrc\":\"caption\",\"sliderItemTitleEnable\":false,\"sliderItemTitleFontSize\":18,\"sliderItemTitleTextColor\":\"rgba(255,255,255,1)\",\"itemCounterColor\":\"rgba(255,255,255,1)\",\"sliderThumbBarEnable\":true,\"sliderThumbBarHoverColor\":\"rgba(240,240,240,1)\",\"sliderBgColor\":\"rgba(0,0,0,0.8)\",\"sliderPreloaderColor\":\"rgba(240,240,240,1)\",\"sliderHeaderFooterBgColor\":\"rgba(0,0,0,0.4)\",\"sliderNavigationColor\":\"rgba(0,0,0,1)\",\"sliderNavigationColorOver\":\"rgba(255,255,255,1)\",\"sliderNavigationIconColor\":\"rgba(255,255,255,1)\",\"sliderNavigationIconColorOver\":\"rgba(0,0,0,1)\",\"sliderSlideshow\":true,\"sliderSlideshowDelay\":8,\"slideshowIndicatorColor\":\"rgba(255,255,255,1)\",\"slideshowIndicatorColorBg\":\"rgba(255,255,255,0.5)\",\"sliderThumbSubMenuBackgroundColor\":\"rgba(255,255,255,0)\",\"sliderThumbSubMenuBackgroundColorOver\":\"rgba(255,255,255,1)\",\"sliderThumbSubMenuIconColor\":\"rgba(255,255,255,1)\",\"sliderThumbSubMenuIconHoverColor\":\"rgba(0,0,0,1)\",\"sliderSocialShareEnabled\":true,\"sliderZoomEnable\":true,\"sliderFullscreenEnabled\":true,\"modaBgColor\":\"rgba(0,0,0,0.8)\",\"modalIconColor\":\"rgba(255,255,255,1)\",\"modalIconColorHover\":\"rgba(255,255,255,0.8)\",\"shareFacebook\":true,\"shareTwitter\":true,\"sharePinterest\":true,\"sliderItemDownload\":true,\"shareCopyLink\":true,\"sharePost\":\"sharelink\",\"tagsFilter\":false,\"tagCloudAll\":\"All\",\"tagCloudBgColor\":\"rgba(153,153,153,1)\",\"tagCloudBgColorOver\":\"rgba(253,253,253,1)\",\"tagCloudTextColor\":\"rgba(253,253,253,1)\",\"tagCloudTextColorOver\":\"rgba(153,153,153,1)\",\"tagCloudFontSize\":16,\"deepLinking\":false,\"useLightbox\":true,\"thumbClickAction\":\"useLightbox\",\"numItemsDisplayed\":0,\"lazyLoading\":true,\"contentNoPadding\":false,\"galleryPreloaderColor\":\"rgba(230,230,230,1)\",\"galleryBgColor\":\"rgba(0,0,0,0)\",\"galleryBorderRadius\":0,\"customCSS\":\"\",\"collectionColumns\":3,\"thumbHieghtRation\":1,\"collectionThumbRecomendedWidth\":200,\"thumbSpacing\":5,\"externalLink\":true,\"externalLinkDefName\":\"Read More\",\"externalLinkTextColor\":\"rgba(0,0,0,1)\",\"externalLinkBgColor\":\"rgba(255,255,255,1)\",\"externalLinkFontSize\":18,\"captions\":true,\"captionSrc\":\"caption\",\"captionHAlign\":\"top\",\"collectionthumbHoverTitleFontSize\":18,\"collectionthumbRoundedCorners\":0,\"collectionthumbHoverTitleTextColor\":\"rgba(255,255,255,1)\",\"collectionthumbHoverTitleTextBgColor\":\"rgba(0,0,0,0.8)\",\"collectionthumbHoverBgColor\":\"rgba(0,0,0,0.4)\",\"collectionThumbSubMenuDownload\":true,\"collectionThumbSubMenuShare\":true,\"collectionThumbSubMenuBgColor\":\"rgba(0,0,0,0.4)\",\"collectionThumbSubMenuBgColorHover\":\"rgba(255,255,255,1)\",\"collectionThumbSubMenuIconColor\":\"rgba(255,255,255,1)\",\"collectionThumbSubMenuIconColorHover\":\"rgba(0,0,0,1)\",\"galleryType\":\"\",\"align\":\"\",\"galleryId\":\"\",\"tagsListCustomMode\":false,\"initGalleryByFirstTag\":false,\"deepLinkingForTag\":false,\"galleryTagsList\":[],\"useClobalSettings\":false,\"orderBy\":\"custom\",\"settingsModalIsOpen\":false,\"itemsMetaDataCollection\":[],\"images\":[{\"id\":651,\"title\":\"Sammelmappe1_Seite_11\",\"url\":\"http:\/\/tim-klotz.de\/klotzart\/wp-content\/uploads\/2021\/11\/Sammelmappe1_Seite_11-scaled.jpg\",\"link\":\"http:\/\/tim-klotz.de\/klotzart\/keramik\/sammelmappe1_seite_11\/\",\"alt\":\"\",\"description\":\"\",\"caption\":\"\",\"mime\":\"image\/jpeg\",\"type\":\"image\",\"width\":1810,\"height\":2560,\"sizes\":{\"thumbnail\":{\"height\":150,\"width\":150,\"url\":\"http:\/\/tim-klotz.de\/klotzart\/wp-content\/uploads\/2021\/11\/Sammelmappe1_Seite_11-150x150.jpg\",\"orientation\":\"landscape\"},\"medium\":{\"height\":300,\"width\":212,\"url\":\"http:\/\/tim-klotz.de\/klotzart\/wp-content\/uploads\/2021\/11\/Sammelmappe1_Seite_11-212x300.jpg\",\"orientation\":\"portrait\"},\"large\":{\"height\":743,\"width\":525,\"url\":\"http:\/\/tim-klotz.de\/klotzart\/wp-content\/uploads\/2021\/11\/Sammelmappe1_Seite_11-724x1024.jpg\",\"orientation\":\"portrait\"},\"full\":{\"url\":\"http:\/\/tim-klotz.de\/klotzart\/wp-content\/uploads\/2021\/11\/Sammelmappe1_Seite_11-scaled.jpg\",\"height\":2560,\"width\":1810,\"orientation\":\"portrait\"}},\"meta\":false,\"postlink\":\"http:\/\/tim-klotz.de\/klotzart\/keramik\/sammelmappe1_seite_11\/\"},{\"id\":652,\"title\":\"Sammelmappe1_Seite_10\",\"url\":\"http:\/\/tim-klotz.de\/klotzart\/wp-content\/uploads\/2021\/11\/Sammelmappe1_Seite_10-scaled.jpg\",\"link\":\"http:\/\/tim-klotz.de\/klotzart\/keramik\/sammelmappe1_seite_10\/\",\"alt\":\"\",\"description\":\"\",\"caption\":\"\",\"mime\":\"image\/jpeg\",\"type\":\"image\",\"width\":1810,\"height\":2560,\"sizes\":{\"thumbnail\":{\"height\":150,\"width\":150,\"url\":\"http:\/\/tim-klotz.de\/klotzart\/wp-content\/uploads\/2021\/11\/Sammelmappe1_Seite_10-150x150.jpg\",\"orientation\":\"landscape\"},\"medium\":{\"height\":300,\"width\":212,\"url\":\"http:\/\/tim-klotz.de\/klotzart\/wp-content\/uploads\/2021\/11\/Sammelmappe1_Seite_10-212x300.jpg\",\"orientation\":\"portrait\"},\"large\":{\"height\":743,\"width\":525,\"url\":\"http:\/\/tim-klotz.de\/klotzart\/wp-content\/uploads\/2021\/11\/Sammelmappe1_Seite_10-724x1024.jpg\",\"orientation\":\"portrait\"},\"full\":{\"url\":\"http:\/\/tim-klotz.de\/klotzart\/wp-content\/uploads\/2021\/11\/Sammelmappe1_Seite_10-scaled.jpg\",\"height\":2560,\"width\":1810,\"orientation\":\"portrait\"}},\"meta\":false,\"postlink\":\"http:\/\/tim-klotz.de\/klotzart\/keramik\/sammelmappe1_seite_10\/\"},{\"id\":653,\"title\":\"Sammelmappe1_Seite_09\",\"url\":\"http:\/\/tim-klotz.de\/klotzart\/wp-content\/uploads\/2021\/11\/Sammelmappe1_Seite_09-scaled.jpg\",\"link\":\"http:\/\/tim-klotz.de\/klotzart\/keramik\/sammelmappe1_seite_09\/\",\"alt\":\"\",\"description\":\"\",\"caption\":\"\",\"mime\":\"image\/jpeg\",\"type\":\"image\",\"width\":1810,\"height\":2560,\"sizes\":{\"thumbnail\":{\"height\":150,\"width\":150,\"url\":\"http:\/\/tim-klotz.de\/klotzart\/wp-content\/uploads\/2021\/11\/Sammelmappe1_Seite_09-150x150.jpg\",\"orientation\":\"landscape\"},\"medium\":{\"height\":300,\"width\":212,\"url\":\"http:\/\/tim-klotz.de\/klotzart\/wp-content\/uploads\/2021\/11\/Sammelmappe1_Seite_09-212x300.jpg\",\"orientation\":\"portrait\"},\"large\":{\"height\":743,\"width\":525,\"url\":\"http:\/\/tim-klotz.de\/klotzart\/wp-content\/uploads\/2021\/11\/Sammelmappe1_Seite_09-724x1024.jpg\",\"orientation\":\"portrait\"},\"full\":{\"url\":\"http:\/\/tim-klotz.de\/klotzart\/wp-content\/uploads\/2021\/11\/Sammelmappe1_Seite_09-scaled.jpg\",\"height\":2560,\"width\":1810,\"orientation\":\"portrait\"}},\"meta\":false,\"postlink\":\"http:\/\/tim-klotz.de\/klotzart\/keramik\/sammelmappe1_seite_09\/\"},{\"id\":654,\"title\":\"Sammelmappe1_Seite_08\",\"url\":\"http:\/\/tim-klotz.de\/klotzart\/wp-content\/uploads\/2021\/11\/Sammelmappe1_Seite_08-scaled.jpg\",\"link\":\"http:\/\/tim-klotz.de\/klotzart\/keramik\/sammelmappe1_seite_08\/\",\"alt\":\"\",\"description\":\"\",\"caption\":\"\",\"mime\":\"image\/jpeg\",\"type\":\"image\",\"width\":1810,\"height\":2560,\"sizes\":{\"thumbnail\":{\"height\":150,\"width\":150,\"url\":\"http:\/\/tim-klotz.de\/klotzart\/wp-content\/uploads\/2021\/11\/Sammelmappe1_Seite_08-150x150.jpg\",\"orientation\":\"landscape\"},\"medium\":{\"height\":300,\"width\":212,\"url\":\"http:\/\/tim-klotz.de\/klotzart\/wp-content\/uploads\/2021\/11\/Sammelmappe1_Seite_08-212x300.jpg\",\"orientation\":\"portrait\"},\"large\":{\"height\":743,\"width\":525,\"url\":\"http:\/\/tim-klotz.de\/klotzart\/wp-content\/uploads\/2021\/11\/Sammelmappe1_Seite_08-724x1024.jpg\",\"orientation\":\"portrait\"},\"full\":{\"url\":\"http:\/\/tim-klotz.de\/klotzart\/wp-content\/uploads\/2021\/11\/Sammelmappe1_Seite_08-scaled.jpg\",\"height\":2560,\"width\":1810,\"orientation\":\"portrait\"}},\"meta\":false,\"postlink\":\"http:\/\/tim-klotz.de\/klotzart\/keramik\/sammelmappe1_seite_08\/\"},{\"id\":655,\"title\":\"Sammelmappe1_Seite_07\",\"url\":\"http:\/\/tim-klotz.de\/klotzart\/wp-content\/uploads\/2021\/11\/Sammelmappe1_Seite_07-scaled.jpg\",\"link\":\"http:\/\/tim-klotz.de\/klotzart\/keramik\/sammelmappe1_seite_07\/\",\"alt\":\"\",\"description\":\"\",\"caption\":\"\",\"mime\":\"image\/jpeg\",\"type\":\"image\",\"width\":1810,\"height\":2560,\"sizes\":{\"thumbnail\":{\"height\":150,\"width\":150,\"url\":\"http:\/\/tim-klotz.de\/klotzart\/wp-content\/uploads\/2021\/11\/Sammelmappe1_Seite_07-150x150.jpg\",\"orientation\":\"landscape\"},\"medium\":{\"height\":300,\"width\":212,\"url\":\"http:\/\/tim-klotz.de\/klotzart\/wp-content\/uploads\/2021\/11\/Sammelmappe1_Seite_07-212x300.jpg\",\"orientation\":\"portrait\"},\"large\":{\"height\":743,\"width\":525,\"url\":\"http:\/\/tim-klotz.de\/klotzart\/wp-content\/uploads\/2021\/11\/Sammelmappe1_Seite_07-724x1024.jpg\",\"orientation\":\"portrait\"},\"full\":{\"url\":\"http:\/\/tim-klotz.de\/klotzart\/wp-content\/uploads\/2021\/11\/Sammelmappe1_Seite_07-scaled.jpg\",\"height\":2560,\"width\":1810,\"orientation\":\"portrait\"}},\"meta\":false,\"postlink\":\"http:\/\/tim-klotz.de\/klotzart\/keramik\/sammelmappe1_seite_07\/\"},{\"id\":656,\"title\":\"Sammelmappe1_Seite_06\",\"url\":\"http:\/\/tim-klotz.de\/klotzart\/wp-content\/uploads\/2021\/11\/Sammelmappe1_Seite_06-scaled.jpg\",\"link\":\"http:\/\/tim-klotz.de\/klotzart\/keramik\/sammelmappe1_seite_06\/\",\"alt\":\"\",\"description\":\"\",\"caption\":\"\",\"mime\":\"image\/jpeg\",\"type\":\"image\",\"width\":1810,\"height\":2560,\"sizes\":{\"thumbnail\":{\"height\":150,\"width\":150,\"url\":\"http:\/\/tim-klotz.de\/klotzart\/wp-content\/uploads\/2021\/11\/Sammelmappe1_Seite_06-150x150.jpg\",\"orientation\":\"landscape\"},\"medium\":{\"height\":300,\"width\":212,\"url\":\"http:\/\/tim-klotz.de\/klotzart\/wp-content\/uploads\/2021\/11\/Sammelmappe1_Seite_06-212x300.jpg\",\"orientation\":\"portrait\"},\"large\":{\"height\":743,\"width\":525,\"url\":\"http:\/\/tim-klotz.de\/klotzart\/wp-content\/uploads\/2021\/11\/Sammelmappe1_Seite_06-724x1024.jpg\",\"orientation\":\"portrait\"},\"full\":{\"url\":\"http:\/\/tim-klotz.de\/klotzart\/wp-content\/uploads\/2021\/11\/Sammelmappe1_Seite_06-scaled.jpg\",\"height\":2560,\"width\":1810,\"orientation\":\"portrait\"}},\"meta\":false,\"postlink\":\"http:\/\/tim-klotz.de\/klotzart\/keramik\/sammelmappe1_seite_06\/\"},{\"id\":657,\"title\":\"Sammelmappe1_Seite_05\",\"url\":\"http:\/\/tim-klotz.de\/klotzart\/wp-content\/uploads\/2021\/11\/Sammelmappe1_Seite_05.jpg\",\"link\":\"http:\/\/tim-klotz.de\/klotzart\/keramik\/sammelmappe1_seite_05\/\",\"alt\":\"\",\"description\":\"\",\"caption\":\"\",\"mime\":\"image\/jpeg\",\"type\":\"image\",\"width\":1654,\"height\":2339,\"sizes\":{\"thumbnail\":{\"height\":150,\"width\":150,\"url\":\"http:\/\/tim-klotz.de\/klotzart\/wp-content\/uploads\/2021\/11\/Sammelmappe1_Seite_05-150x150.jpg\",\"orientation\":\"landscape\"},\"medium\":{\"height\":300,\"width\":212,\"url\":\"http:\/\/tim-klotz.de\/klotzart\/wp-content\/uploads\/2021\/11\/Sammelmappe1_Seite_05-212x300.jpg\",\"orientation\":\"portrait\"},\"large\":{\"height\":743,\"width\":525,\"url\":\"http:\/\/tim-klotz.de\/klotzart\/wp-content\/uploads\/2021\/11\/Sammelmappe1_Seite_05-724x1024.jpg\",\"orientation\":\"portrait\"},\"full\":{\"url\":\"http:\/\/tim-klotz.de\/klotzart\/wp-content\/uploads\/2021\/11\/Sammelmappe1_Seite_05.jpg\",\"height\":2339,\"width\":1654,\"orientation\":\"portrait\"}},\"meta\":false,\"postlink\":\"http:\/\/tim-klotz.de\/klotzart\/keramik\/sammelmappe1_seite_05\/\"},{\"id\":658,\"title\":\"Sammelmappe1_Seite_04\",\"url\":\"http:\/\/tim-klotz.de\/klotzart\/wp-content\/uploads\/2021\/11\/Sammelmappe1_Seite_04.jpg\",\"link\":\"http:\/\/tim-klotz.de\/klotzart\/keramik\/sammelmappe1_seite_04\/\",\"alt\":\"\",\"description\":\"\",\"caption\":\"\",\"mime\":\"image\/jpeg\",\"type\":\"image\",\"width\":1654,\"height\":2339,\"sizes\":{\"thumbnail\":{\"height\":150,\"width\":150,\"url\":\"http:\/\/tim-klotz.de\/klotzart\/wp-content\/uploads\/2021\/11\/Sammelmappe1_Seite_04-150x150.jpg\",\"orientation\":\"landscape\"},\"medium\":{\"height\":300,\"width\":212,\"url\":\"http:\/\/tim-klotz.de\/klotzart\/wp-content\/uploads\/2021\/11\/Sammelmappe1_Seite_04-212x300.jpg\",\"orientation\":\"portrait\"},\"large\":{\"height\":743,\"width\":525,\"url\":\"http:\/\/tim-klotz.de\/klotzart\/wp-content\/uploads\/2021\/11\/Sammelmappe1_Seite_04-724x1024.jpg\",\"orientation\":\"portrait\"},\"full\":{\"url\":\"http:\/\/tim-klotz.de\/klotzart\/wp-content\/uploads\/2021\/11\/Sammelmappe1_Seite_04.jpg\",\"height\":2339,\"width\":1654,\"orientation\":\"portrait\"}},\"meta\":false,\"postlink\":\"http:\/\/tim-klotz.de\/klotzart\/keramik\/sammelmappe1_seite_04\/\"},{\"id\":659,\"title\":\"Sammelmappe1_Seite_03\",\"url\":\"http:\/\/tim-klotz.de\/klotzart\/wp-content\/uploads\/2021\/11\/Sammelmappe1_Seite_03.jpg\",\"link\":\"http:\/\/tim-klotz.de\/klotzart\/keramik\/sammelmappe1_seite_03\/\",\"alt\":\"\",\"description\":\"\",\"caption\":\"\",\"mime\":\"image\/jpeg\",\"type\":\"image\",\"width\":1654,\"height\":2339,\"sizes\":{\"thumbnail\":{\"height\":150,\"width\":150,\"url\":\"http:\/\/tim-klotz.de\/klotzart\/wp-content\/uploads\/2021\/11\/Sammelmappe1_Seite_03-150x150.jpg\",\"orientation\":\"landscape\"},\"medium\":{\"height\":300,\"width\":212,\"url\":\"http:\/\/tim-klotz.de\/klotzart\/wp-content\/uploads\/2021\/11\/Sammelmappe1_Seite_03-212x300.jpg\",\"orientation\":\"portrait\"},\"large\":{\"height\":743,\"width\":525,\"url\":\"http:\/\/tim-klotz.de\/klotzart\/wp-content\/uploads\/2021\/11\/Sammelmappe1_Seite_03-724x1024.jpg\",\"orientation\":\"portrait\"},\"full\":{\"url\":\"http:\/\/tim-klotz.de\/klotzart\/wp-content\/uploads\/2021\/11\/Sammelmappe1_Seite_03.jpg\",\"height\":2339,\"width\":1654,\"orientation\":\"portrait\"}},\"meta\":false,\"postlink\":\"http:\/\/tim-klotz.de\/klotzart\/keramik\/sammelmappe1_seite_03\/\"},{\"id\":660,\"title\":\"Sammelmappe1_Seite_02\",\"url\":\"http:\/\/tim-klotz.de\/klotzart\/wp-content\/uploads\/2021\/11\/Sammelmappe1_Seite_02.jpg\",\"link\":\"http:\/\/tim-klotz.de\/klotzart\/keramik\/sammelmappe1_seite_02\/\",\"alt\":\"\",\"description\":\"\",\"caption\":\"\",\"mime\":\"image\/jpeg\",\"type\":\"image\",\"width\":1654,\"height\":2339,\"sizes\":{\"thumbnail\":{\"height\":150,\"width\":150,\"url\":\"http:\/\/tim-klotz.de\/klotzart\/wp-content\/uploads\/2021\/11\/Sammelmappe1_Seite_02-150x150.jpg\",\"orientation\":\"landscape\"},\"medium\":{\"height\":300,\"width\":212,\"url\":\"http:\/\/tim-klotz.de\/klotzart\/wp-content\/uploads\/2021\/11\/Sammelmappe1_Seite_02-212x300.jpg\",\"orientation\":\"portrait\"},\"large\":{\"height\":743,\"width\":525,\"url\":\"http:\/\/tim-klotz.de\/klotzart\/wp-content\/uploads\/2021\/11\/Sammelmappe1_Seite_02-724x1024.jpg\",\"orientation\":\"portrait\"},\"full\":{\"url\":\"http:\/\/tim-klotz.de\/klotzart\/wp-content\/uploads\/2021\/11\/Sammelmappe1_Seite_02.jpg\",\"height\":2339,\"width\":1654,\"orientation\":\"portrait\"}},\"meta\":false,\"postlink\":\"http:\/\/tim-klotz.de\/klotzart\/keramik\/sammelmappe1_seite_02\/\"}]}<\/script><script type=\"text\/javascript\">(function(){if(window.PGC_SGB && window.PGC_SGB.searcher){window.PGC_SGB.searcher.initBlocks()}})()<\/script><noscript><div class=\"simply-gallery-amp pgc_sgb_slider \"><div class=\"sgb-gallery\"><div class=\"sgb-item\"><a href=\"http:\/\/tim-klotz.de\/klotzart\/keramik\/sammelmappe1_seite_11\/\"><img fetchpriority=\"high\" decoding=\"async\" alt=\"\" width=\"212\" height=\"300\" loading=\"auto\" data-lazy-src=\"\" class=\"skip-lazy no-lazyload noLazy\" src=\"http:\/\/tim-klotz.de\/klotzart\/wp-content\/uploads\/2021\/11\/Sammelmappe1_Seite_11-212x300.jpg\"\/><\/a><\/div><div class=\"sgb-item\"><a href=\"http:\/\/tim-klotz.de\/klotzart\/keramik\/sammelmappe1_seite_10\/\"><img decoding=\"async\" alt=\"\" width=\"212\" height=\"300\" loading=\"auto\" data-lazy-src=\"\" class=\"skip-lazy no-lazyload noLazy\" src=\"http:\/\/tim-klotz.de\/klotzart\/wp-content\/uploads\/2021\/11\/Sammelmappe1_Seite_10-212x300.jpg\"\/><\/a><\/div><div class=\"sgb-item\"><a href=\"http:\/\/tim-klotz.de\/klotzart\/keramik\/sammelmappe1_seite_09\/\"><img decoding=\"async\" alt=\"\" width=\"212\" height=\"300\" loading=\"auto\" data-lazy-src=\"\" class=\"skip-lazy no-lazyload noLazy\" src=\"http:\/\/tim-klotz.de\/klotzart\/wp-content\/uploads\/2021\/11\/Sammelmappe1_Seite_09-212x300.jpg\"\/><\/a><\/div><div class=\"sgb-item\"><a href=\"http:\/\/tim-klotz.de\/klotzart\/keramik\/sammelmappe1_seite_08\/\"><img decoding=\"async\" alt=\"\" width=\"212\" height=\"300\" loading=\"auto\" data-lazy-src=\"\" class=\"skip-lazy no-lazyload noLazy\" src=\"http:\/\/tim-klotz.de\/klotzart\/wp-content\/uploads\/2021\/11\/Sammelmappe1_Seite_08-212x300.jpg\"\/><\/a><\/div><div class=\"sgb-item\"><a href=\"http:\/\/tim-klotz.de\/klotzart\/keramik\/sammelmappe1_seite_07\/\"><img decoding=\"async\" alt=\"\" width=\"212\" height=\"300\" loading=\"auto\" data-lazy-src=\"\" class=\"skip-lazy no-lazyload noLazy\" src=\"http:\/\/tim-klotz.de\/klotzart\/wp-content\/uploads\/2021\/11\/Sammelmappe1_Seite_07-212x300.jpg\"\/><\/a><\/div><div class=\"sgb-item\"><a href=\"http:\/\/tim-klotz.de\/klotzart\/keramik\/sammelmappe1_seite_06\/\"><img decoding=\"async\" alt=\"\" width=\"212\" height=\"300\" loading=\"auto\" data-lazy-src=\"\" class=\"skip-lazy no-lazyload noLazy\" src=\"http:\/\/tim-klotz.de\/klotzart\/wp-content\/uploads\/2021\/11\/Sammelmappe1_Seite_06-212x300.jpg\"\/><\/a><\/div><div class=\"sgb-item\"><a href=\"http:\/\/tim-klotz.de\/klotzart\/keramik\/sammelmappe1_seite_05\/\"><img decoding=\"async\" alt=\"\" width=\"212\" height=\"300\" loading=\"auto\" data-lazy-src=\"\" class=\"skip-lazy no-lazyload noLazy\" src=\"http:\/\/tim-klotz.de\/klotzart\/wp-content\/uploads\/2021\/11\/Sammelmappe1_Seite_05-212x300.jpg\"\/><\/a><\/div><div class=\"sgb-item\"><a href=\"http:\/\/tim-klotz.de\/klotzart\/keramik\/sammelmappe1_seite_04\/\"><img decoding=\"async\" alt=\"\" width=\"212\" height=\"300\" loading=\"auto\" data-lazy-src=\"\" class=\"skip-lazy no-lazyload noLazy\" src=\"http:\/\/tim-klotz.de\/klotzart\/wp-content\/uploads\/2021\/11\/Sammelmappe1_Seite_04-212x300.jpg\"\/><\/a><\/div><div class=\"sgb-item\"><a href=\"http:\/\/tim-klotz.de\/klotzart\/keramik\/sammelmappe1_seite_03\/\"><img decoding=\"async\" alt=\"\" width=\"212\" height=\"300\" loading=\"auto\" data-lazy-src=\"\" class=\"skip-lazy no-lazyload noLazy\" src=\"http:\/\/tim-klotz.de\/klotzart\/wp-content\/uploads\/2021\/11\/Sammelmappe1_Seite_03-212x300.jpg\"\/><\/a><\/div><div class=\"sgb-item\"><a href=\"http:\/\/tim-klotz.de\/klotzart\/keramik\/sammelmappe1_seite_02\/\"><img decoding=\"async\" alt=\"\" width=\"212\" height=\"300\" loading=\"auto\" data-lazy-src=\"\" class=\"skip-lazy no-lazyload noLazy\" src=\"http:\/\/tim-klotz.de\/klotzart\/wp-content\/uploads\/2021\/11\/Sammelmappe1_Seite_02-212x300.jpg\"\/><\/a><\/div><\/div><\/div><\/noscript><noscript><style type=\"text\/css\">.sgb-preloader {display:none;}<\/style><\/noscript><div class=\"sgb-preloader\">\n\t<div class=\"sgb-square\" style=\"background:rgba(230,230,230,1)\"><\/div>\n\t<div class=\"sgb-square\" style=\"background:rgba(230,230,230,1)\"><\/div>\n\t<div class=\"sgb-square\" style=\"background:rgba(230,230,230,1)\"><\/div>\n\t<div class=\"sgb-square\" style=\"background:rgba(230,230,230,1)\"><\/div><\/div><\/div>\n\n\n<p><\/p>\n\n\n\n<p><\/p>\n\n\n\n<p><\/p>\n\n\n\n<p><\/p>\n","protected":false},"excerpt":{"rendered":"<p>Auf den folgenden Seiten zeige ich Euch ein Panoptikum meiner Keramikwerke seien sie nun herk\u00f6mmlich&nbsp; im Elektro-Ofen bei 1230 Grad C &nbsp;oder in Raku-Technik bei 1050 Grad C im Gasofen oder dem Spiel des Feuers im Kapselbrand ausgesetzt Bei meinen Keramiken handelt es sich um Unikate, da alle individuell aufgebaut werden. Solltet Ihr an einzelnen &hellip; <\/p>\n<p class=\"link-more\"><a href=\"http:\/\/tim-klotz.de\/klotzart\/keramik\/\" class=\"more-link\"><span class=\"screen-reader-text\">\u201eKeramik\u201c<\/span> weiterlesen<\/a><\/p>\n","protected":false},"author":1,"featured_media":0,"parent":0,"menu_order":0,"comment_status":"closed","ping_status":"closed","template":"","meta":{"ngg_post_thumbnail":0,"pgc_sgb_lightbox_settings":"","footnotes":""},"class_list":["post-110","page","type-page","status-publish","hentry"],"_links":{"self":[{"href":"http:\/\/tim-klotz.de\/klotzart\/wp-json\/wp\/v2\/pages\/110","targetHints":{"allow":["GET"]}}],"collection":[{"href":"http:\/\/tim-klotz.de\/klotzart\/wp-json\/wp\/v2\/pages"}],"about":[{"href":"http:\/\/tim-klotz.de\/klotzart\/wp-json\/wp\/v2\/types\/page"}],"author":[{"embeddable":true,"href":"http:\/\/tim-klotz.de\/klotzart\/wp-json\/wp\/v2\/users\/1"}],"replies":[{"embeddable":true,"href":"http:\/\/tim-klotz.de\/klotzart\/wp-json\/wp\/v2\/comments?post=110"}],"version-history":[{"count":8,"href":"http:\/\/tim-klotz.de\/klotzart\/wp-json\/wp\/v2\/pages\/110\/revisions"}],"predecessor-version":[{"id":785,"href":"http:\/\/tim-klotz.de\/klotzart\/wp-json\/wp\/v2\/pages\/110\/revisions\/785"}],"wp:attachment":[{"href":"http:\/\/tim-klotz.de\/klotzart\/wp-json\/wp\/v2\/media?parent=110"}],"curies":[{"name":"wp","href":"https:\/\/api.w.org\/{rel}","templated":true}]}}